{"id":2,"date":"2015-01-16T20:42:19","date_gmt":"2015-01-16T20:42:19","guid":{"rendered":"http:\/\/noisiel.spf77.org\/?page_id=2"},"modified":"2015-01-20T19:21:18","modified_gmt":"2015-01-20T18:21:18","slug":"page-d-exemple","status":"publish","type":"page","link":"https:\/\/noisiel.spf77.org\/?page_id=2","title":{"rendered":"\u00c0 propos"},"content":{"rendered":"<p>Le Secours populaire fran\u00e7ais est une association \u00e0 but non lucratif r\u00e9gie par la loi de 1901. Elle est reconnue d&#8217;utilit\u00e9 publique, agr\u00e9\u00e9e d&#8217;\u00e9ducation populaire, et association \u00e9ducative compl\u00e9mentaire de l&#8217;enseignement public.<\/p>\n<h2>Comit\u00e9 de Noisiel<\/h2>\n<p>Responsable\u00a0: Jean-Pierre\u00a0CASALES<br \/>\nWebmestre :\u00a0Jean-Baptiste BERLAND<br \/>\nH\u00e9bergeur : <a href=\"http:\/\/www.typhon.com\/\" target=\"_blank\">Typhon<\/a> &#8211; +33 (0)1 70 616 616<\/p>\n<div>\n<div>\n<h2>Coordonn\u00e9es<\/h2>\n<\/div>\n<p>9, cours des Deux-Parcs<br \/>\n77186 NOISIEL<br \/>\n01 64 62 00 80<br \/>\n<a class=\"moz-txt-link-abbreviated\" href=\"mailto:webmestre@noisiel.spf77.org\">webmestre@noisiel.spf77.org<\/a><\/p>\n<\/div>\n<div>\n<div>\n<div>\n<h2>Traitement des donn\u00e9es nominatives<\/h2>\n<\/div>\n<\/div>\n<p>Si vous effectuez un don sur ce site, vos nom et coordonn\u00e9es seront conserv\u00e9s par l&#8217;association, notamment afin d&#8217;\u00e9diter les re\u00e7us fiscaux.<br \/>\nDe m\u00eame, si vous \u00eates abonn\u00e9(e) \u00e0 l&#8217;une de nos listes de diffusion, votre adresse \u00e9lectronique sera conserv\u00e9e.<br \/>\n<strong>Ces informations sont r\u00e9serv\u00e9es \u00e0 l&#8217;usage exclusif de notre association.<\/strong><\/p>\n<p>Conform\u00e9ment \u00e0 la loi informatique et libert\u00e9s du 6 janvier 1978, vous disposez d\u2019un droit d\u2019acc\u00e8s, de suppression et de rectification aux donn\u00e9es personnelles vous concernant, en vous adressant \u00e0 notre association :<br \/>\nDons : Service Fichier &#8211; <a href=\"mailto:fichier@secourspopulaire.fr\">fichier@secourspopulaire.fr<\/a><br \/>\nListes de diffusion : Webmestre &#8211;\u00a0<a class=\"moz-txt-link-abbreviated\" href=\"mailto:webmestre@noisiel.spf77.org\">webmestre@noisiel.spf77.org<\/a><\/p>\n<p>Le Secours populaire fran\u00e7ais a d\u00e9sign\u00e9 un <a href=\"http:\/\/www.cnil.fr\/linstitution\/missions\/informer-conseiller\/correspondants\/\" target=\"_blank\">correspondant informatique et libert\u00e9s<\/a> aupr\u00e8s de la CNIL.<\/p>\n<\/div>\n<div>\n<h2>R\u00e9alisation<\/h2>\n<p>Ce site web a \u00e9t\u00e9 r\u00e9alis\u00e9 sur une plateforme <a href=\"https:\/\/fr.wordpress.org\/\">WordPress<\/a> avec un th\u00e8me\u00a0zAlive by <a title=\"zenoven\" href=\"http:\/\/www.zenoven.com\/\">zenoven<\/a>\u00a0personnalis\u00e9 par le webmestre.<\/p>\n<\/div>\n","protected":false},"excerpt":{"rendered":"<p>Le Secours populaire fran\u00e7ais est une association \u00e0 but non lucratif r\u00e9gie par la loi de 1901. Elle est reconnue d&#8217;utilit\u00e9 publique, agr\u00e9\u00e9e d&#8217;\u00e9ducation populaire, et association \u00e9ducative compl\u00e9mentaire de l&#8217;enseignement public. Comit\u00e9 de Noisiel Responsable\u00a0: Jean-Pierre\u00a0CASALES Webmestre :\u00a0Jean-Baptiste BERLAND H\u00e9bergeur : Typhon &#8211; +33 (0)1 70 616 616 Coordonn\u00e9es 9, cours des Deux-Parcs 77186 NOISIEL 01 64 62 00 80 webmestre@noisiel.spf77.org Traitement des donn\u00e9es nominatives Si vous effectuez un don sur ce site, vos nom et coordonn\u00e9es seront conserv\u00e9s par l&#8217;association, notamment afin d&#8217;\u00e9diter les re\u00e7us fiscaux. De m\u00eame, si vous \u00eates abonn\u00e9(e) \u00e0 l&#8217;une de nos listes de<\/p>\n<a class=\"more-link\" rel=\"nofollow\" href=\"https:\/\/noisiel.spf77.org\/?page_id=2\">[Read More...]<\/a>","protected":false},"author":1,"featured_media":0,"parent":0,"menu_order":0,"comment_status":"open","ping_status":"open","template":"","meta":{"footnotes":""},"class_list":["post-2","page","type-page","status-publish","hentry"],"_links":{"self":[{"href":"https:\/\/noisiel.spf77.org\/index.php?rest_route=\/wp\/v2\/pages\/2","targetHints":{"allow":["GET"]}}],"collection":[{"href":"https:\/\/noisiel.spf77.org\/index.php?rest_route=\/wp\/v2\/pages"}],"about":[{"href":"https:\/\/noisiel.spf77.org\/index.php?rest_route=\/wp\/v2\/types\/page"}],"author":[{"embeddable":true,"href":"https:\/\/noisiel.spf77.org\/index.php?rest_route=\/wp\/v2\/users\/1"}],"replies":[{"embeddable":true,"href":"https:\/\/noisiel.spf77.org\/index.php?rest_route=%2Fwp%2Fv2%2Fcomments&post=2"}],"version-history":[{"count":4,"href":"https:\/\/noisiel.spf77.org\/index.php?rest_route=\/wp\/v2\/pages\/2\/revisions"}],"predecessor-version":[{"id":121,"href":"https:\/\/noisiel.spf77.org\/index.php?rest_route=\/wp\/v2\/pages\/2\/revisions\/121"}],"wp:attachment":[{"href":"https:\/\/noisiel.spf77.org\/index.php?rest_route=%2Fwp%2Fv2%2Fmedia&parent=2"}],"curies":[{"name":"wp","href":"https:\/\/api.w.org\/{rel}","templated":true}]}}